{"id":2032,"date":"2019-06-13T15:38:36","date_gmt":"2019-06-13T13:38:36","guid":{"rendered":"https:\/\/www.casanovascatering.com\/?page_id=2032"},"modified":"2020-01-20T15:52:09","modified_gmt":"2020-01-20T14:52:09","slug":"mes-testimonis","status":"publish","type":"page","link":"https:\/\/www.casanovascatering.com\/ca\/mes-testimonis\/","title":{"rendered":"M\u00e9s testimonis"},"content":{"rendered":"<h4>Natalia \u00a0 07\/10\/19<\/h4>\n<p>Buenos d\u00edas, Santi:<\/p>\n<p>Te escribo para transmitirte las felicitaciones de parte del cliente.<\/p>\n<p>Les encant\u00f3 la comida; cito textualmente \u201cEl catering, la comida exquisita, todo estaba buen\u00edsimo y la fideu\u00e1 de las mejores que he comido, por favor, felicitar al chef\u201d.<\/p>\n<p>Doy fe de que la fideu\u00e1 estaba deliciosa y qu\u00e9 decir de nuestra comida; \u00a1ya me dir\u00e1s de d\u00f3nde sac\u00e1is esos esp\u00e1rragos tan ricos! \uf60a<\/p>\n<p>Un placer haber trabajado juntos y espero que podamos repetir muy pronto.<\/p>\n<p>Un saludo y \u00a1feliz semana!<\/p>\n<p>&nbsp;<\/p>\n<h4>Lena \u00a0 03\/07\/19<\/h4>\n<p>Dear Anna, Dear Santi,<\/p>\n<p>I did not have the opportunity to thank you in person one last time during dismantling at ITMA, so I am writing you today.<\/p>\n<p>I just wanted to thank you for the great job you and your team have done at our booth! Everyone was happy and satisfied with the food, the drinks and the service you have offered us! We get only positive feedback from our colleagues and I wanted you to know that we all appreciated the hard work all of you have done during these ITMA days!!!<\/p>\n<p>Thank you once again for the effort and power you have put into this job and for the uncomplicated cooperation!<\/p>\n<p>All the best and please give our thanks to everyone from your team, you all did a great job!!<\/p>\n<p>Lena<\/p>\n<p>&nbsp;<\/p>\n<h4>Maria \u00a0 03\/06\/19<\/h4>\n<p>Hola Santi!<\/p>\n<p>Va anar tot genial; et volia escriure per\u00f2 no havia trobat el moment!\u00a0Ens van atendre s\u00faper b\u00e9, tens un equip\u00e0s! Felicitats a tots!\u00a0Una abra\u00e7ada i gr\u00e0cies per tot!<\/p>\n<p>Maria<\/p>\n<p>&nbsp;<\/p>\n<h4>Loli \u00a0 25\/08\/19<\/h4>\n<p>Buenos d\u00edas Santi!!<\/p>\n<p>Si tengo que poner una puntuaci\u00f3n en c\u00f3mo fu\u00e9 la cena el S\u00e1bado pasado, pondr\u00eda un 10.<\/p>\n<p>Muchas gracias por el trato amable que hemos recibido de parte de todo tu equipo.\u00a0 Al cocinero lo felicitas de nuestra parte, las camareras muy amables, trabajadoras y r\u00e1pidas. Cristina estuvo perfecta. Gracias a t\u00ed por ayudarnos para que saliera todo tan bien.<\/p>\n<p>Todos han sido comentarios positivos desde la comida, la bebida, las mesas, las flores preciosas.<\/p>\n<p>Los protagonistas se fueron encantados.<\/p>\n<p>Ha sido un placer poder organizar esta fiesta para nuestros amigos con vosotros.<\/p>\n<p>Gracias<\/p>\n<p>&nbsp;<\/p>\n<h4>Angi \u00a0 18\/05\/19<\/h4>\n<p>\u00a1Hola! Solo quer\u00eda decirte que ayer lo pasamos muy bien. Quedamos todas encantadas con la comida y el servicio. Y estuvimos muy a gusto con Cristina. \u00a1Muchas gracias!<\/p>\n<p>&nbsp;<\/p>\n<h4>Teresa \u00a0 15\/05\/19<\/h4>\n<p>Bon dia Santi, el dinar d&#8217;ahir va ser tot un \u00e8xit. Tot estaba molt b\u00f3, el servei de lo m\u00e9s amable i vam estar molt c\u00f2modes. Tothom encantat i amb ganes de tornar.<\/p>\n<p>Gr\u00e0cies per tot i salutacions.<\/p>\n<p>&nbsp;<\/p>\n<h4>&#8211; &#8211; \u00a0 11\/05\/19<\/h4>\n<p>Estimat el rap EXCEL\u00b7LENT i el gaspatxo tamb\u00e9, gran cuinera !!!<\/p>\n<p>Gran Santi<\/p>\n<p>&nbsp;<\/p>\n<h4>Andrew \u00a0 14\/04\/19<\/h4>\n<p>Muchas gracias por la comida de ayer estamos muy contentos. Tambi\u00e9n estamos muy contentos por el trato recibido, todo ha sido perfecto. Muchas gracias por los esfuerzos y por el servicio. Estuvo muy muy bien.<\/p>\n<p>Muchas gracias<\/p>\n<p>&nbsp;<\/p>\n<h4>Kristen &#8211; Travel planner \u00a0 24\/02\/19<\/h4>\n<p>Hi Santi &#8211; heading back home now. We just wanted to say a big thank you for you and your teams hard work this week! And thank you so much for accommodating our last minute requests. Please tell the staff we have enjoyed having them help out with this event this year and truly appreciate all the work you guys put into helping us create a wonderful and successful event. Looking forward to working together in the future! All my best- Kristen and the team at The Luxury Travelist.<\/p>\n<p>&nbsp;<\/p>\n<h4>Judit \u00a0 15\/03\/19<\/h4>\n<p>El asesoramiento en vinos, impecable<\/p>\n<p>Queremos dar las gracias por el taller gastron\u00f3mico realizado en Marzo en vuestro establecimiento.<\/p>\n<p>&nbsp;<\/p>\n<h4>Nina \u00a0 05\/11\/2018<\/h4>\n<p>Thank you. Everything worked really well with the Catering. Please let your team know that we were very happy. It was a pleasure working with you.<\/p>\n<p>&nbsp;<\/p>\n<h4>Marta \u00a0 26\/09\/2018<\/h4>\n<p>Traslladar-vos les felicitacions de tot l&#8217;equip. Tothom ha quedat encantant amb el dinar.<\/p>\n<p>&nbsp;<\/p>\n<h4>Deborah \u00a0 08\/08\/2018<\/h4>\n<p>Nomes volia felicitar a tot l&#8217;equip Casanovas per la feina tant de planificaci\u00f3 com de actuaci\u00f3 al event de catering que vam servir-me,\u00a0 Gracies a Santi Isern per l&#8217;ajuda i experiencia que ens va transmetre per la planificaci\u00f3 del esdeveniment i a la resta del equip com Raquel que ens va tractar amb molta amabilitat o Gerard que ens va fer gaudir al seu corner de BBQ on explicava als convidats la carn que anaven cuinant i les salses per maridar-les.<\/p>\n<p>Gracies de veritat<\/p>\n<p>&nbsp;<\/p>\n<h4>Marta \u00a0 16\/06\/2018<\/h4>\n<p>Sitio Ideal para celebraciones privadas trato excelente, sobre todo Cristina, comida buen\u00edsima todo genial repetiremos seguro. Muchas gracias a Santi y a todo su equipo! Todos quedamos encantados.<\/p>\n<p>&nbsp;<\/p>\n<h4>Ana \u00a0 21\/04\/2018<\/h4>\n<p>El servicio de catering fue muy bueno y todo estaba exquisito. Muchas gracias y un abrazo<\/p>\n<p>&nbsp;<\/p>\n<h4>Raquel \u00a0 25\/11\/17<\/h4>\n<p>Desde el primer momento la atenci\u00f3n fue excelente por parte de los coordinadores, Judith y Santi. Ellos entendieron muy bien lo que quer\u00edamos ofrecer a nuestros invitados, ya que quer\u00edamos buffets con platos tradicionales pero con un toque moderno. Adem\u00e1s, la calidad de la comida con el precio del catering es inmejorable. Nos gust\u00f3 mucho la decoraci\u00f3n que hicieron de los buffets, ya que era estilo vintage, r\u00fastica, muy lo que nosotros quer\u00edamos. Lo recomendamos al 100%. Muchas gracias por todo equipo Casanovas.<\/p>\n<p>&nbsp;<\/p>\n<h4>Nuria \u00a0 30\/10\/17<\/h4>\n<p>Escogimos a Casanovas Catering por la profesionalidad que nos transmitieron desde el primer momento y por la calidad de sus productos despu\u00e9s de la prueba de men\u00fa. El trato con Santi y\/o Judith fue f\u00e1cil, respondiendo siempre r\u00e1pido a nuestras consultas. Adaptaron el men\u00fa a nuestras necesidades y se mostraron completamente flexibles con todas nuestras peticiones. \u00a1Muy recomendables! \u00a1La comida estuvo muy rica y muchos de nuestros invitados nos lo comentaron! \u00a1Los volver\u00edamos a escoger sin dudarlo! \u00a1Gracias Santi y Judith!<\/p>\n<p>&nbsp;<\/p>\n<h4>Aitana \u00a0 03\/10\/17<\/h4>\n<p>Probamos Casanovas Catering porque lo recomendaban otras parejas de bodas.net y cuando hicimos la degustaci\u00f3n del men\u00fa que m\u00e1s se adaptaba a lo que quer\u00edamos no tuvimos ninguna duda. La comida es excelente, la atenci\u00f3n genial y adem\u00e1s nos ofrecieron celebrar su propio local en Barcelona, que tiene un mont\u00f3n de posibilidades. Pudimos decorarlo a nuestro gusto el d\u00eda antes y ellos a\u00f1adieron todo lo que faltaba. Todos los invitados quedaron encantados con la comida, era un men\u00fa c\u00f3ctel con dos estaciones: arroz de pescadores y filete con maridaje de sal y mostaza.<\/p>\n<p>&nbsp;<\/p>\n<h4>Walter J \u00a0 06\/09\/17<\/h4>\n<p>100% recomendable.<br \/>\nMuy atentos y muy profesionales desde el primer contacto.<br \/>\nLos invitados quedaron encantados con la calidad y cantidad de la comida.<br \/>\nAgradecimiento especial al coordinador del evento Santi Isern. En todo momento nos dio todo tipo de facilidades e ideas.<br \/>\nSi necesitamos un catering en el futuro no dudaremos en repetir. Gracias por todo.<\/p>\n<p>&nbsp;<\/p>\n<h4>Eva \u00a0 02\/07\/17<\/h4>\n<p>Nuestra experiencia con Casanovas no pudo haber sido mejor. Santi siempre estuvo al contacto con nosotras para satisfacer nuestras necesidades y el d\u00eda de la boda nos solucion\u00f3 un par de problemas que surgieron al momento, lo cual agradecemos enormemente. El aperitivo tuvo un gran papel en la fiesta, calidad y cantidad todo de 10. A los invitados les encant\u00f3, la cena estuvo deliciosa y el servicio de los camareros excelente, aunque lo que m\u00e1s gust\u00f3 a nuestros invitados fue la mesa de postres ninguno se pudo resistir. En resumen, comida, bebida y servicio todo excelente. Sin duda, lo volver\u00edamos a contratar.<\/p>\n<p>&nbsp;<\/p>\n<h4>Patricia \u00a0 21\/06\/16<\/h4>\n<p>Servicio inmejorable y relaci\u00f3n calidad precio muy alta. Adem\u00e1s, la flexibilidad y amabilidad de su responsable es inmejorable y, en todo momento, sientes que entiende perfectamente tus necesidades y tu deseo de c\u00f3mo te gustar\u00eda que fuera tu gran d\u00eda. Aunque existen muchos c\u00e1terings, no es f\u00e1cil encontrar todas estas cualificaciones positivas juntas. Sabes desde el primer momento que puedes depositar toda tu confianza y despreocuparte de ese d\u00eda, por que no te fallar\u00e1n&#8230;. y as\u00ed fue! Gracias, Santi!<\/p>\n<p>&nbsp;<\/p>\n<h4>Miriam \u00a0 26\/03\/16<\/h4>\n<p>Fue una excelente decisi\u00f3n la que tomamos cuando decidimos por calidad, precio y servicio realizar nuestra boda con Casanovas. Todos mis familiares nos felicitaron de lo bien tratados que se sintieron. Y nosotros satisfechos por el men\u00fa escogido y el servido tan amable que nos atendi\u00f3 todo el evento para que nada faltara. Estuvimos muy relajados que ya es importante en un d\u00eda con mucha previsi\u00f3n de nervios. Agradecida lo recomiendo a cualquier pareja que desee que ese d\u00eda tan especial sea relajado, agradable, especial y con muy buen men\u00fa para todos.<\/p>\n<p>&nbsp;<\/p>\n<p>&nbsp;<\/p>\n<p>&nbsp;<\/p>\n","protected":false},"excerpt":{"rendered":"<p>Natalia \u00a0 07\/10\/19 Buenos d\u00edas, Santi: Te escribo para transmitirte las felicitaciones de parte del cliente. Les encant\u00f3 la comida; cito textualmente \u201cEl catering, la comida exquisita, todo estaba buen\u00edsimo y la fideu\u00e1 de las mejores que he comido, por favor, felicitar al chef\u201d. Doy&#8230;<\/p>\n","protected":false},"author":3,"featured_media":0,"parent":0,"menu_order":0,"comment_status":"closed","ping_status":"closed","template":"","meta":[],"_links":{"self":[{"href":"https:\/\/www.casanovascatering.com\/ca\/wp-json\/wp\/v2\/pages\/2032"}],"collection":[{"href":"https:\/\/www.casanovascatering.com\/ca\/wp-json\/wp\/v2\/pages"}],"about":[{"href":"https:\/\/www.casanovascatering.com\/ca\/wp-json\/wp\/v2\/types\/page"}],"author":[{"embeddable":true,"href":"https:\/\/www.casanovascatering.com\/ca\/wp-json\/wp\/v2\/users\/3"}],"replies":[{"embeddable":true,"href":"https:\/\/www.casanovascatering.com\/ca\/wp-json\/wp\/v2\/comments?post=2032"}],"version-history":[{"count":8,"href":"https:\/\/www.casanovascatering.com\/ca\/wp-json\/wp\/v2\/pages\/2032\/revisions"}],"predecessor-version":[{"id":2679,"href":"https:\/\/www.casanovascatering.com\/ca\/wp-json\/wp\/v2\/pages\/2032\/revisions\/2679"}],"wp:attachment":[{"href":"https:\/\/www.casanovascatering.com\/ca\/wp-json\/wp\/v2\/media?parent=2032"}],"curies":[{"name":"wp","href":"https:\/\/api.w.org\/{rel}","templated":true}]}}