{"id":363,"date":"2018-10-21T16:51:35","date_gmt":"2018-10-21T14:51:35","guid":{"rendered":"http:\/\/www.casanovascatering.com\/aviso-legal\/"},"modified":"2019-01-24T12:20:35","modified_gmt":"2019-01-24T11:20:35","slug":"avis-legal","status":"publish","type":"page","link":"https:\/\/www.casanovascatering.com\/ca\/avis-legal\/","title":{"rendered":"Av\u00eds legal"},"content":{"rendered":"<p>[vc_row css_animation=&#8221;&#8221; row_type=&#8221;row&#8221; use_row_as_full_screen_section=&#8221;no&#8221; type=&#8221;grid&#8221; angled_section=&#8221;no&#8221; text_align=&#8221;left&#8221; background_image_as_pattern=&#8221;without_pattern&#8221; padding_top=&#8221;40&#8243; padding_bottom=&#8221;40&#8243; z_index=&#8221;&#8221;][vc_column][vc_column_text el_class=&#8221;section_title ralla&#8221;]<\/p>\n<div>\n<h1 style=\"text-align: center;\"><b>Av\u00eds legal<br \/>\n<\/b><\/h1>\n<\/div>\n<p>[\/vc_column_text][vc_column_text]<\/p>\n<div>\n<div class=\"section-intro size2\">\n<div class=\"sys-row\">\n<div class=\"sys-col sys-lg-col-7 sys-m-col-12 quienes-somos-intro\">\n<p>D&#8217;acord amb la Llei 34\/2002, del 11 de juliol, de serveis de la societat d&#8217;informaci\u00f3 i de comer\u00e7 electr\u00f2nic, indiquem les dades d&#8217;informaci\u00f3 general d&#8217;aquest lloc web:<\/p>\n<p>Titular: CASANOVAS CATERING Traiteur S.L.<br \/>\nCIF: B61661211<br \/>\nDirecci\u00f3: Cal\u00e0bria, 115 (08015 BARCELONA)<br \/>\nTel\u00e8fon: 934236508<br \/>\nCorreu electr\u00f2nic: catering@casanovascatering.com<\/p>\n<p>CASANOVAS CATERING Traiteur S.L., no es fa responsable dels continguts, ni de les dades que es puguin recollir, als enlla\u00e7os a tercers que apareixen a la seva web. La finalitat dels mateixos \u00e9s la de permetre la recerca de la informaci\u00f3 de la forma m\u00e9s r\u00e0pida i efectiva possible i \u00e9s per aix\u00f2 que es faciliten, sense cap altra pretensi\u00f3 que l&#8217;estrictament informativa.<\/p>\n<p>&nbsp;<\/p>\n<p>A continuaci\u00f3 apareixen els termes de l&#8217;acord legal que s&#8217;estableixen entre l&#8217;usuari i CASANOVAS CATERING Traiteur SL. En accedir, navegar i \/ o utilitzar aquest lloc web, l&#8217;usuari manifesta haver llegit, ent\u00e8s i estar d&#8217;acord en aquests termes i complir totes les normes aplicables.<\/p>\n<p>L&#8217;acc\u00e9s i \u00fas de la web t\u00e9 car\u00e0cter gratu\u00eft per als usuaris i no exigeix \u200b\u200bel seu registre previ.<\/p>\n<p>La reproducci\u00f3, c\u00f2pia, \u00fas, distribuci\u00f3, comercialitzaci\u00f3, comunicaci\u00f3 p\u00fablica o qualsevol altra activitat que es pugui dur a terme amb la informaci\u00f3 continguda en aquesta p\u00e0gina web i que es realitzi sense l&#8217;autoritzaci\u00f3 pr\u00e8via de CASANOVAS CATERING Traiteur S.L. constitueix una infracci\u00f3 castigada per la legislaci\u00f3 vigent.<\/p>\n<p>Els noms i logotips exposats en aquesta p\u00e0gina s\u00f3n marques comercials registrades.<\/p>\n<p>CASANOVAS CATERING Traiteur S.L. no es fa responsable de la mala utilitzaci\u00f3 dels continguts d&#8217;aquesta web i es reserva el dret a actualitzar-los, eliminar-los, establir limitacions o restringir el seu acc\u00e9s en qualsevol moment, de manera temporal o permanent.<\/p>\n<p>CASANOVAS CATERING Traiteur S.L. no es fa responsable dels continguts, ni de les dades que es puguin recollir, als enlla\u00e7os a tercers que apareixen a la seva web. La finalitat dels mateixos \u00e9s la de permetre la recerca de la informaci\u00f3 de la forma m\u00e9s r\u00e0pida i efectiva possible i \u00e9s per aix\u00f2 que es faciliten, sense cap altra pretensi\u00f3 que l&#8217;estrictament informativa.<\/p>\n<p>POL\u00cdTICA DE PRIVACITAT<\/p>\n<p>De conformitat amb el que disposa l&#8217;article 5 de la LO 15\/1999, de 13 de desembre, de protecci\u00f3 de dades de car\u00e0cter personal, s&#8217;informa a les persones que emplenin les butlletes contingudes en aquest lloc web que les seves dades personals quedaran incorporades a un fitxer, comunicat al Registre General de Protecci\u00f3 de Dades, amb la finalitat de poder satisfer la vostra sol\u00b7licitud i fer-los arribar la informaci\u00f3 sobre els nostres serveis per correu electr\u00f2nic o ordinari. El responsable d&#8217;aquest fitxer \u00e9s CASANOVAS CATERING Traiteur SL, domiciliada al carrer Cal\u00e0bria, 115 (08015 BARCELONA), davant la qual podeu exercir, en els termes que estableix aquesta normativa, els drets d&#8217;acc\u00e9s, rectificaci\u00f3, cancel\u00b7laci\u00f3 i oposici\u00f3 respecte de les dades incloses en els fitxers, adre\u00e7ant-se a catering@casanovascatering.com<\/p>\n<p>Qualsevol modificaci\u00f3 de les seves dades de car\u00e0cter personal haur\u00e0 de ser notificada per tal que el nostre fitxer estigui actualitzat i no contingui errors. Aix\u00ed mateix, acceptant aquest av\u00eds legal, reconeix que la informaci\u00f3 i les dades personals recollides s\u00f3n exactes i certes.<\/p>\n<p>CASANOVAS CATERING Traiteur S.L.le informa que t\u00e9 implantades les mesures de seguretat t\u00e8cniques i organitzatives necess\u00e0ries per garantir la seguretat de les seves dades de car\u00e0cter personal i evitar la seva alteraci\u00f3, p\u00e8rdua i tractament i \/ o acc\u00e9s no autoritzat.<\/p>\n<\/div>\n<\/div>\n<\/div>\n<\/div>\n<div><\/div>\n<p>[\/vc_column_text][\/vc_column][\/vc_row]<\/p>\n","protected":false},"excerpt":{"rendered":"<p>[vc_row css_animation=&#8221;&#8221; row_type=&#8221;row&#8221; use_row_as_full_screen_section=&#8221;no&#8221; type=&#8221;grid&#8221; angled_section=&#8221;no&#8221; text_align=&#8221;left&#8221; background_image_as_pattern=&#8221;without_pattern&#8221; padding_top=&#8221;40&#8243; padding_bottom=&#8221;40&#8243; z_index=&#8221;&#8221;][vc_column][vc_column_text el_class=&#8221;section_title ralla&#8221;] Av\u00eds legal [\/vc_column_text][vc_column_text] D&#8217;acord amb la Llei 34\/2002, del 11 de juliol, de serveis de la societat d&#8217;informaci\u00f3 i de comer\u00e7 electr\u00f2nic, indiquem les dades d&#8217;informaci\u00f3 general d&#8217;aquest lloc web: Titular: CASANOVAS&#8230;<\/p>\n","protected":false},"author":1,"featured_media":0,"parent":0,"menu_order":0,"comment_status":"closed","ping_status":"closed","template":"full_width.php","meta":[],"_links":{"self":[{"href":"https:\/\/www.casanovascatering.com\/ca\/wp-json\/wp\/v2\/pages\/363"}],"collection":[{"href":"https:\/\/www.casanovascatering.com\/ca\/wp-json\/wp\/v2\/pages"}],"about":[{"href":"https:\/\/www.casanovascatering.com\/ca\/wp-json\/wp\/v2\/types\/page"}],"author":[{"embeddable":true,"href":"https:\/\/www.casanovascatering.com\/ca\/wp-json\/wp\/v2\/users\/1"}],"replies":[{"embeddable":true,"href":"https:\/\/www.casanovascatering.com\/ca\/wp-json\/wp\/v2\/comments?post=363"}],"version-history":[{"count":2,"href":"https:\/\/www.casanovascatering.com\/ca\/wp-json\/wp\/v2\/pages\/363\/revisions"}],"predecessor-version":[{"id":1415,"href":"https:\/\/www.casanovascatering.com\/ca\/wp-json\/wp\/v2\/pages\/363\/revisions\/1415"}],"wp:attachment":[{"href":"https:\/\/www.casanovascatering.com\/ca\/wp-json\/wp\/v2\/media?parent=363"}],"curies":[{"name":"wp","href":"https:\/\/api.w.org\/{rel}","templated":true}]}}