{"id":379,"date":"2018-10-21T16:52:25","date_gmt":"2018-10-21T14:52:25","guid":{"rendered":"http:\/\/www.casanovascatering.com\/politica-de-cookies\/"},"modified":"2019-01-24T12:24:09","modified_gmt":"2019-01-24T11:24:09","slug":"politica-de-cookies","status":"publish","type":"page","link":"https:\/\/www.casanovascatering.com\/ca\/politica-de-cookies\/","title":{"rendered":"Pol\u00edtica de cookies"},"content":{"rendered":"<p>[vc_row css_animation=&#8221;&#8221; row_type=&#8221;row&#8221; use_row_as_full_screen_section=&#8221;no&#8221; type=&#8221;grid&#8221; angled_section=&#8221;no&#8221; text_align=&#8221;left&#8221; background_image_as_pattern=&#8221;without_pattern&#8221; padding_top=&#8221;40&#8243; padding_bottom=&#8221;40&#8243; z_index=&#8221;&#8221;][vc_column][vc_column_text el_class=&#8221;section_title ralla&#8221;]<\/p>\n<div>\n<h1 style=\"text-align: center;\"><b>Pol\u00edtica de cookies<\/b><\/h1>\n<\/div>\n<p>[\/vc_column_text][vc_column_text]<\/p>\n<div>\n<div class=\"wpb_text_column wpb_content_element \">\n<div class=\"wpb_wrapper\">\n<p><b>Qu\u00e8 s\u00f3n les cookies?<\/b><\/p>\n<p>Una cookie \u00e9s un petit text que un lloc web envia al teu navegador quan el visites. La cookie ajuda el lloc web a recordar informaci\u00f3 sobre la teva visita, com per exemple la prefer\u00e8ncia d\u2019idioma i altres par\u00e0metres de configuraci\u00f3.<\/p>\n<p>Aix\u00f2 pot fer que la teva propera visita sigui m\u00e9s f\u00e0cil i r\u00e0pida, i que el web et sigui m\u00e9s \u00fatil.<\/p>\n<p>Les cookies s\u00f3n eficaces per millorar la teva experi\u00e8ncia de navegaci\u00f3 com a usuari i s\u2019utilitzen en la majoria de llocs web.<\/p>\n<p>&nbsp;<\/p>\n<p><b>Quines cookies utilitza CASANOVAS CATERING?<\/b><\/p>\n<p>Al web de CASANOVAS CATERING utilitzem cookies pr\u00f2pies i de tercers amb les finalitats seg\u00fcents:<\/p>\n<ul>\n<li>Recordar la prefer\u00e8ncia d\u2019idioma de l\u2019usuari.<\/li>\n<li>Facilitar la navegaci\u00f3.<\/li>\n<li>Recopilar dades estad\u00edstiques sobre la utilitzaci\u00f3 del nostre web. Aquestes dades s\u00f3n an\u00f2nimes i serveixen per proporcionar-nos informaci\u00f3 com ara el nombre de visitants, la durada de la visita, les p\u00e0gines visitades, el navegador que utilitzen els nostres usuaris o la seva resoluci\u00f3 de pantalla preferida.<\/li>\n<\/ul>\n<p>En cap cas no utilitzarem cookies amb les teves dades personals.<\/p>\n<p>Les dades obtingudes s\u2019utilitzen per millorar la teva navegaci\u00f3 i per obtenir informaci\u00f3 estad\u00edstica sobre l\u2019\u00fas que feu els usuaris del nostre web.<\/p>\n<p>A CASANOVAS CATERING considerem que les cookies s\u00f3n una eina \u00fatil per oferir-te la millor experi\u00e8ncia possible de navegaci\u00f3.<\/p>\n<p><b>Puc desactivar les cookies?<\/b><\/p>\n<p>Els navegadors et permeten restringir, bloquejar i esborrar les cookies.<\/p>\n<p>Cada navegador t\u00e9 una configuraci\u00f3 diferent. Per ajudar-te, a continuaci\u00f3 t\u2019indiquem els enlla\u00e7os amb les instruccions per gestionar o bloquejar les cookies dels navegadors m\u00e9s comuns:<\/p>\n<p>&nbsp;<\/p>\n<p>Chrome: <a href=\"https:\/\/support.google.com\/chrome\/answer\/95647?hl=ca\">configuraci\u00f3 de cookies<\/a><\/p>\n<p><a href=\"http:\/\/gruproig.com\/politica-de-cookies.asp?idm=ca\">Internet Explorer: <\/a><a href=\"http:\/\/windows.microsoft.com\/es-es\/windows7\/how-to-manage-cookies-in-internet-explorer-9\">configuraci\u00f3 de cookies<\/a><\/p>\n<p>Firefox: <a href=\"https:\/\/support.mozilla.org\/ca\/kb\/activa-i-desactiva-les-galetes-que-les-pagines-web\">configuraci\u00f3 de cookies<\/a><\/p>\n<p>Safari: <a href=\"https:\/\/support.apple.com\/kb\/HT1677?viewlocale=es_ES\">configuraci\u00f3 de cookies<\/a><\/p>\n<\/div>\n<\/div>\n<div class=\"separator transparent \"><\/div>\n<\/div>\n<div><\/div>\n<p>[\/vc_column_text][\/vc_column][\/vc_row]<\/p>\n","protected":false},"excerpt":{"rendered":"<p>[vc_row css_animation=&#8221;&#8221; row_type=&#8221;row&#8221; use_row_as_full_screen_section=&#8221;no&#8221; type=&#8221;grid&#8221; angled_section=&#8221;no&#8221; text_align=&#8221;left&#8221; background_image_as_pattern=&#8221;without_pattern&#8221; padding_top=&#8221;40&#8243; padding_bottom=&#8221;40&#8243; z_index=&#8221;&#8221;][vc_column][vc_column_text el_class=&#8221;section_title ralla&#8221;] Pol\u00edtica de cookies [\/vc_column_text][vc_column_text] Qu\u00e8 s\u00f3n les cookies? Una cookie \u00e9s un petit text que un lloc web envia al teu navegador quan el visites. La cookie ajuda el lloc web a&#8230;<\/p>\n","protected":false},"author":1,"featured_media":0,"parent":0,"menu_order":0,"comment_status":"closed","ping_status":"closed","template":"full_width.php","meta":[],"_links":{"self":[{"href":"https:\/\/www.casanovascatering.com\/ca\/wp-json\/wp\/v2\/pages\/379"}],"collection":[{"href":"https:\/\/www.casanovascatering.com\/ca\/wp-json\/wp\/v2\/pages"}],"about":[{"href":"https:\/\/www.casanovascatering.com\/ca\/wp-json\/wp\/v2\/types\/page"}],"author":[{"embeddable":true,"href":"https:\/\/www.casanovascatering.com\/ca\/wp-json\/wp\/v2\/users\/1"}],"replies":[{"embeddable":true,"href":"https:\/\/www.casanovascatering.com\/ca\/wp-json\/wp\/v2\/comments?post=379"}],"version-history":[{"count":4,"href":"https:\/\/www.casanovascatering.com\/ca\/wp-json\/wp\/v2\/pages\/379\/revisions"}],"predecessor-version":[{"id":1418,"href":"https:\/\/www.casanovascatering.com\/ca\/wp-json\/wp\/v2\/pages\/379\/revisions\/1418"}],"wp:attachment":[{"href":"https:\/\/www.casanovascatering.com\/ca\/wp-json\/wp\/v2\/media?parent=379"}],"curies":[{"name":"wp","href":"https:\/\/api.w.org\/{rel}","templated":true}]}}