{"id":386,"date":"2018-10-21T15:35:20","date_gmt":"2018-10-21T13:35:20","guid":{"rendered":"http:\/\/www.casanovascatering.com\/quienes-somos\/"},"modified":"2021-10-25T12:05:53","modified_gmt":"2021-10-25T10:05:53","slug":"qui-som","status":"publish","type":"page","link":"https:\/\/www.casanovascatering.com\/ca\/qui-som\/","title":{"rendered":"Qui som"},"content":{"rendered":"<p>[vc_row css_animation=&#8221;&#8221; row_type=&#8221;row&#8221; use_row_as_full_screen_section=&#8221;no&#8221; type=&#8221;full_width&#8221; angled_section=&#8221;no&#8221; text_align=&#8221;left&#8221; background_image_as_pattern=&#8221;without_pattern&#8221;][vc_column][vc_column_text][\/vc_column_text][\/vc_column][\/vc_row][vc_row css_animation=&#8221;element_from_fade&#8221; row_type=&#8221;row&#8221; use_row_as_full_screen_section=&#8221;no&#8221; type=&#8221;grid&#8221; angled_section=&#8221;no&#8221; text_align=&#8221;center&#8221; background_image_as_pattern=&#8221;without_pattern&#8221; padding_top=&#8221;40&#8243; padding_bottom=&#8221;10&#8243; z_index=&#8221;&#8221;][vc_column][vc_column_text el_class=&#8221;section_title ralla&#8221;]<\/p>\n<h1 style=\"text-align: center;\">C\u00e0tering per esdeveniments<\/h1>\n<p>[\/vc_column_text][\/vc_column][\/vc_row][vc_row css_animation=&#8221;element_from_fade&#8221; row_type=&#8221;row&#8221; use_row_as_full_screen_section=&#8221;no&#8221; type=&#8221;grid&#8221; angled_section=&#8221;no&#8221; text_align=&#8221;left&#8221; background_image_as_pattern=&#8221;without_pattern&#8221; padding_bottom=&#8221;40&#8243; z_index=&#8221;&#8221;][vc_column width=&#8221;1\/2&#8243;][vc_column_text]Casanovas Catering Traiteur \u00e9s una empresa fundada el <strong>1924<\/strong>. Inicialment la principal activitat desenvolupada va ser la xarcuteria artesana a l&#8217;antic mercat de Santa Caterina de Barcelona. Al llarg del temps l&#8217;empresa va canviar d&#8217;ubicaci\u00f3, fins que a conseq\u00fc\u00e8ncia de l&#8217;elevat nombre de peticions dels clients habituals, Casanovas va comen\u00e7ar el seu desenvolupament en la preparaci\u00f3 de plats tradicionals catalans, arribant en 1985 a crear l&#8217;\u00e0rea de c\u00e0tering per a esdeveniments, Casanovas va disposar de cuina central homologada per grans esdeveniments de c\u00e0tering. Posteriorment en 1997, es va obrir un espai de degustaci\u00f3 dins de l&#8217;establiment, espai on es poden degustar tots els productes de la xarcuteria i una \u00e0mplia gamma de productes delicatessen nacionals i internacionals.[\/vc_column_text][vc_separator type=&#8221;transparent&#8221; up=&#8221;20&#8243;][vc_column_text]\u00daltimament es van ampliar les instal\u00b7lacions, amb l&#8217;obertura d&#8217;una botiga de productes relacionats amb gastronomia i decoraci\u00f3. Un any despr\u00e9s el 1998, es va ampliar l&#8217;oferta obrint les portes d&#8217;un restaurant caracteritzat per la seva cuina de gran nivell i amb la m\u00e0xima qualitat i les influ\u00e8ncies de les noves tend\u00e8ncies del sector. Actualment el Restaurant s&#8217;ha convertit en una zona de degustaci\u00f3, habilitant dues sales m\u00e9s per acollir un Restaurant gastron\u00f2mic de primer ordre. El 2007, vam participar en el Concurs Europeu de Xarcuteria \/ Gastronomia &#8220;IFFA Frankfurt&#8221;, obtenint medalla d&#8217;or en les categories: Catering \/ Snacks and Couches \/ Cheeses. L&#8217;any vam participar sent elegits com a representants de l&#8217;equip selecci\u00f3 espanyola &#8220;2008 European Catering Cup&#8221; a Mulhouse, Fran\u00e7a. En l&#8217;actualitat hi ha diversos projectes per a la gesti\u00f3 i explotaci\u00f3 de diversos establiments de restauraci\u00f3, aix\u00ed com la producci\u00f3 de productes artesanals d&#8217;elaboraci\u00f3 pr\u00f2pia, un dels quals, la nostra Sal de sabors en diferents formes i textures, va obtenir el Premi Innoval 2008 a la \u00faltima Fira Aliment\u00e0ria. La distribuci\u00f3 a nivell nacional i internacional s&#8217;est\u00e0 posicionant la marca Casanovas Barcelona en els mercats de productes delicatessen.[\/vc_column_text][vc_separator type=&#8221;transparent&#8221; up=&#8221;20&#8243;][vc_column_text]Per <strong>CASANOVAS<\/strong> la qualitat total representa el punt diferencial m\u00e9s important, \u00e9s per aix\u00f2 que estem constantment adaptant la nostra forma de treballar, aix\u00ed com les nostres instal\u00b7lacions, als continus canvis de l&#8217;entorn.[\/vc_column_text][vc_separator type=&#8221;transparent&#8221; up=&#8221;20&#8243;][\/vc_column][vc_column width=&#8221;1\/2&#8243;][vc_separator type=&#8221;transparent&#8221; up=&#8221;10&#8243;][vc_single_image image=&#8221;310&#8243; img_size=&#8221;full&#8221; qode_css_animation=&#8221;&#8221;][vc_separator type=&#8221;transparent&#8221; up=&#8221;40&#8243;][\/vc_column][\/vc_row][vc_row css_animation=&#8221;element_from_fade&#8221; row_type=&#8221;row&#8221; use_row_as_full_screen_section=&#8221;no&#8221; type=&#8221;grid&#8221; angled_section=&#8221;no&#8221; text_align=&#8221;center&#8221; background_image_as_pattern=&#8221;without_pattern&#8221; padding_top=&#8221;40&#8243; el_class=&#8221;explicanos about&#8221; z_index=&#8221;&#8221;][vc_column width=&#8221;1\/4&#8243;][vc_row_inner row_type=&#8221;row&#8221; type=&#8221;full_width&#8221; text_align=&#8221;left&#8221; css_animation=&#8221;&#8221;][vc_column_inner width=&#8221;1\/3&#8243;][\/vc_column_inner][vc_column_inner width=&#8221;2\/3&#8243;][\/vc_column_inner][\/vc_row_inner][\/vc_column][vc_column width=&#8221;1\/4&#8243;][vc_single_image image=&#8221;325&#8243; img_size=&#8221;full&#8221; qode_css_animation=&#8221;&#8221;][\/vc_column][vc_column width=&#8221;1\/4&#8243;][vc_column_text]<\/p>\n<h4>Joan Mart\u00ed Casanovas<\/h4>\n<p>Xef executiu i Gerent,\u00a0 Tercera Generaci\u00f3 de la familia, mestre artes\u00e0 Xarcuter. Cuiner format a Fran\u00e7a i a \u00a0restaurants de Alain Ducasse a Nova York. Lidera Projectes com el Premi Innoval 2008 que guanya Casanovas o els diferents premis a Alemania i Fran\u00e7a de La Catering Cup e Iffa[\/vc_column_text][\/vc_column][vc_column width=&#8221;1\/4&#8243;][\/vc_column][\/vc_row][vc_row css_animation=&#8221;element_from_fade&#8221; row_type=&#8221;row&#8221; use_row_as_full_screen_section=&#8221;no&#8221; type=&#8221;grid&#8221; angled_section=&#8221;no&#8221; text_align=&#8221;center&#8221; background_image_as_pattern=&#8221;without_pattern&#8221; padding_top=&#8221;20&#8243; el_class=&#8221;explicanos&#8221; z_index=&#8221;&#8221;][vc_column][vc_column_text el_class=&#8221;slogan_foot&#8221;]<\/p>\n<p style=\"text-align: center;\">CASANOVAS CATERING \u00b7 RESTAURANT \u00b7 DELICATESSEN<\/p>\n<p>[\/vc_column_text][\/vc_column][\/vc_row]<\/p>\n","protected":false},"excerpt":{"rendered":"<p>[vc_row css_animation=&#8221;&#8221; row_type=&#8221;row&#8221; use_row_as_full_screen_section=&#8221;no&#8221; type=&#8221;full_width&#8221; angled_section=&#8221;no&#8221; text_align=&#8221;left&#8221; background_image_as_pattern=&#8221;without_pattern&#8221;][vc_column][vc_column_text][\/vc_column_text][\/vc_column][\/vc_row][vc_row css_animation=&#8221;element_from_fade&#8221; row_type=&#8221;row&#8221; use_row_as_full_screen_section=&#8221;no&#8221; type=&#8221;grid&#8221; angled_section=&#8221;no&#8221; text_align=&#8221;center&#8221; background_image_as_pattern=&#8221;without_pattern&#8221; padding_top=&#8221;40&#8243; padding_bottom=&#8221;10&#8243; z_index=&#8221;&#8221;][vc_column][vc_column_text el_class=&#8221;section_title ralla&#8221;] C\u00e0tering per esdeveniments [\/vc_column_text][\/vc_column][\/vc_row][vc_row css_animation=&#8221;element_from_fade&#8221; row_type=&#8221;row&#8221; use_row_as_full_screen_section=&#8221;no&#8221; type=&#8221;grid&#8221; angled_section=&#8221;no&#8221; text_align=&#8221;left&#8221; background_image_as_pattern=&#8221;without_pattern&#8221; padding_bottom=&#8221;40&#8243; z_index=&#8221;&#8221;][vc_column width=&#8221;1\/2&#8243;][vc_column_text]Casanovas Catering Traiteur \u00e9s una empresa fundada el 1924. Inicialment la principal&#8230;<\/p>\n","protected":false},"author":1,"featured_media":0,"parent":0,"menu_order":0,"comment_status":"closed","ping_status":"closed","template":"full_width.php","meta":[],"_links":{"self":[{"href":"https:\/\/www.casanovascatering.com\/ca\/wp-json\/wp\/v2\/pages\/386"}],"collection":[{"href":"https:\/\/www.casanovascatering.com\/ca\/wp-json\/wp\/v2\/pages"}],"about":[{"href":"https:\/\/www.casanovascatering.com\/ca\/wp-json\/wp\/v2\/types\/page"}],"author":[{"embeddable":true,"href":"https:\/\/www.casanovascatering.com\/ca\/wp-json\/wp\/v2\/users\/1"}],"replies":[{"embeddable":true,"href":"https:\/\/www.casanovascatering.com\/ca\/wp-json\/wp\/v2\/comments?post=386"}],"version-history":[{"count":6,"href":"https:\/\/www.casanovascatering.com\/ca\/wp-json\/wp\/v2\/pages\/386\/revisions"}],"predecessor-version":[{"id":3875,"href":"https:\/\/www.casanovascatering.com\/ca\/wp-json\/wp\/v2\/pages\/386\/revisions\/3875"}],"wp:attachment":[{"href":"https:\/\/www.casanovascatering.com\/ca\/wp-json\/wp\/v2\/media?parent=386"}],"curies":[{"name":"wp","href":"https:\/\/api.w.org\/{rel}","templated":true}]}}