{"id":382,"date":"2018-07-05T20:51:30","date_gmt":"2018-07-05T20:51:30","guid":{"rendered":"http:\/\/www.casanovascatering.com\/politica-privacidad\/"},"modified":"2019-01-25T19:20:42","modified_gmt":"2019-01-25T18:20:42","slug":"privacy-policy","status":"publish","type":"page","link":"https:\/\/www.casanovascatering.com\/en\/privacy-policy\/","title":{"rendered":"Privacy policy"},"content":{"rendered":"<p>[vc_row css_animation=&#8221;&#8221; row_type=&#8221;row&#8221; use_row_as_full_screen_section=&#8221;no&#8221; type=&#8221;grid&#8221; angled_section=&#8221;no&#8221; text_align=&#8221;left&#8221; background_image_as_pattern=&#8221;without_pattern&#8221; padding_top=&#8221;40&#8243; padding_bottom=&#8221;40&#8243; z_index=&#8221;&#8221;][vc_column][vc_column_text el_class=&#8221;section_title ralla&#8221;]<\/p>\n<div>\n<h1 style=\"text-align: center;\"><b>Pol\u00edtica de protecci\u00f3n de datos<\/b><\/h1>\n<\/div>\n<p>[\/vc_column_text][vc_column_text]<\/p>\n<div>\n<p>De conformidad con lo dispuesto en el art\u00edculo 5 de la LO 15\/1999, de 13 de diciembre, de protecci\u00f3n de datos de car\u00e1cter personal, se informa a las personas que rellenen los boletos contenidas en este sitio web que sus datos personales quedar\u00e1n incorporados a un fichero, comunicado al Registro General de Protecci\u00f3n de Datos, con el fin de poder satisfacer su solicitud y hacerles llegar la informaci\u00f3n sobre nuestros servicios por correo electr\u00f3nico u ordinario. El responsable de este fichero es CASANOVAS CATERING TRAITEUR S.L., domiciliada en la calle Cal\u00e0bria, 115 (08015 BARCELONA), ante la cual puede ejercer, en los t\u00e9rminos establecidos en dicha normativa, los derechos de acceso, rectificaci\u00f3n, cancelaci\u00f3n y oposici\u00f3n respecto de los datos incluidos en dichos ficheros, dirigi\u00e9ndose a catering@casanovascatering.com<\/p>\n<p>Cualquier modificaci\u00f3n de sus datos de car\u00e1cter personal deber\u00e1 ser informada para que nuestro archivo est\u00e9 actualizado y no contenga errores. Asimismo, aceptando este aviso legal, reconoce que la informaci\u00f3n y los datos personales recabados son exactos y ciertos.<\/p>\n<p>CASANOVAS CATERING TRAITEUR S.L.le informa de que tiene implantadas las medidas de seguridad t\u00e9cnicas y organizativas necesarias para garantizar la seguridad de sus datos de car\u00e1cter personal y evitar su alteraci\u00f3n, p\u00e9rdida y tratamiento y\/o acceso no autorizado.<\/p>\n<\/div>\n<div><\/div>\n<p>[\/vc_column_text][\/vc_column][\/vc_row]<\/p>\n","protected":false},"excerpt":{"rendered":"<p>[vc_row css_animation=&#8221;&#8221; row_type=&#8221;row&#8221; use_row_as_full_screen_section=&#8221;no&#8221; type=&#8221;grid&#8221; angled_section=&#8221;no&#8221; text_align=&#8221;left&#8221; background_image_as_pattern=&#8221;without_pattern&#8221; padding_top=&#8221;40&#8243; padding_bottom=&#8221;40&#8243; z_index=&#8221;&#8221;][vc_column][vc_column_text el_class=&#8221;section_title ralla&#8221;] Pol\u00edtica de protecci\u00f3n de datos [\/vc_column_text][vc_column_text] De conformidad con lo dispuesto en el art\u00edculo 5 de la LO 15\/1999, de 13 de diciembre, de protecci\u00f3n de datos de car\u00e1cter personal, se informa&#8230;<\/p>\n","protected":false},"author":1,"featured_media":0,"parent":0,"menu_order":0,"comment_status":"closed","ping_status":"open","template":"full_width.php","meta":[],"_links":{"self":[{"href":"https:\/\/www.casanovascatering.com\/en\/wp-json\/wp\/v2\/pages\/382"}],"collection":[{"href":"https:\/\/www.casanovascatering.com\/en\/wp-json\/wp\/v2\/pages"}],"about":[{"href":"https:\/\/www.casanovascatering.com\/en\/wp-json\/wp\/v2\/types\/page"}],"author":[{"embeddable":true,"href":"https:\/\/www.casanovascatering.com\/en\/wp-json\/wp\/v2\/users\/1"}],"replies":[{"embeddable":true,"href":"https:\/\/www.casanovascatering.com\/en\/wp-json\/wp\/v2\/comments?post=382"}],"version-history":[{"count":2,"href":"https:\/\/www.casanovascatering.com\/en\/wp-json\/wp\/v2\/pages\/382\/revisions"}],"predecessor-version":[{"id":1464,"href":"https:\/\/www.casanovascatering.com\/en\/wp-json\/wp\/v2\/pages\/382\/revisions\/1464"}],"wp:attachment":[{"href":"https:\/\/www.casanovascatering.com\/en\/wp-json\/wp\/v2\/media?parent=382"}],"curies":[{"name":"wp","href":"https:\/\/api.w.org\/{rel}","templated":true}]}}